{"id":535,"date":"2021-04-26T15:25:17","date_gmt":"2021-04-26T06:25:17","guid":{"rendered":"https:\/\/brp.pinkbox.work\/main\/?page_id=535"},"modified":"2021-08-30T09:54:58","modified_gmt":"2021-08-30T00:54:58","slug":"%e4%b8%89%e6%ac%a1%e5%89%b5%e4%bd%9c%e4%b8%80%e8%a6%a7","status":"publish","type":"page","link":"https:\/\/brp.pinkbox.work\/main\/%e4%b8%89%e6%ac%a1%e5%89%b5%e4%bd%9c%e4%b8%80%e8%a6%a7\/","title":{"rendered":"\u4e09\u6b21\u5275\u4f5c\u4e00\u89a7"},"content":{"rendered":"<p>\u4e09\u6b21\u5275\u4f5c\u3002\u8aac\u660e\u3059\u308b\u3068<\/p>\n<p>\u30aa\u30ea\u30e5\u30f3\u30dd\u30ea\u30b9\u306e\u4e2d\u306e\u8150\u5973\u5b50\u304c\u63cf\u304f\u300c\u30c7\u30a3\u30aa\u30a2\u30dd\u300d\u3068\u3044\u3046\u6982\u5ff5<br \/>\n\u2193<br \/>\n\u30f4\u30a1\u30ab\u30a2\u30dd\u3068\u9055\u3063\u3066\u5144\u5f1f\u3067\u3082\u306a\u304f\u3001\u6027\u683c\u3082\u30a2\u30dd\u30ed\u30f3VI\u3068\u30c7\u30a3\u30aa\u30cb\u30bd\u30b9XII\u3068\u3057\u3066\u306e\u5225\u30ad\u30e3\u30e9\u3068\u3057\u3066\u5b9a\u7740\uff08\uff1f\uff09<br \/>\n*\u30a2\u30dd\u30ed\u30f3VI\u2192\u30c4\u30f3\u30c4\u30f3\u3057\u3066\u308b\u3002\u82f1\u96c4\u5927\u6226\u306e\u9803\u306e\u304a\u5144\u3061\u3083\u3093\u307f\u305f\u3044\u306a\u611f\u3058\u3002\u30c4\u30f3\u30a2\u30dd\u3002\u4e8c\u5341\u4ee3\u5f8c\u534a<br \/>\n*\u30c7\u30a3\u30aa\u30cb\u30bd\u30b9XII\u2192\u7121\u8868\u60c5\u4e0d\u611b\u60f3\u4ffa\u69d8\u7537\u3002GA\u82e5\u30f4\u30a1\u30d9\u30fc\u30b9\u306a\u611f\u3058\u3002\u3082\u3061\u308d\u3093\u4e00\u4eba\u79f0\u306f\u4ffa\u3002\u5341\u4ee3\u5f8c\u534a<br \/>\n\u2193<br \/>\n\u3055\u3089\u306b\u6642\u7a7a\u304c\u306d\u3058\u308c\u3066\u3001\u30f4\u30a1\u30ab\u30a2\u30dd\u592b\u5a66\u3068\u540c\u5c45\u3059\u308b\u300c\u3067\u304a\u3042\u307d\u300d\u3068\u3044\u3046CP\u306b\u306a\u308a\u3001\u3055\u3089\u306b\u305d\u3053\u306b\u300c\u30b7\u30e7\u30bf\u304a\u306b\u300d\u3082\u5165\u308b\u3002\u3064\u3044\u3067\u306b\u732b\u306e\u30cb\u30e3\u30c3\u30ab\u30ea\u30aa\u3068\u30cb\u30e3\u30dd\u30ed\u30cb\u30aa\u3082\u3044\u308b\u3088\uff01<\/p>\n<p>\u3068\u3044\u3046\u4e09\u6b21\u5275\u4f5c\u3002\u30ab\u30aa\u30b9\u3060\u306d\u3001\u308f\u304b\u3063\u3066\u308b\u3088\u30ab\u30aa\u30b9\u3060\u3063\u3066\u3002<\/p>\n<p>CP\u3068\u3057\u3066\u306f\u4e0a\u8a18\u306e\u300c\u3067\u304a\u3042\u307d\u300d\u300c\u30b7\u30e7\u30bf\u304a\u306b\uff08GW\u5e7c\u5c11\u30f4\u30a1\u00d7\u304a\u5144\u3061\u3083\u3093\uff09\u300d\u300c\u30cb\u30e3\u30ab\u30cb\u30e3\u30dd\uff08\u732b\u3067\u3059\uff09\u300d\u306e\u30f4\u30a1\u30ab\u30a2\u30dd\u8ecd\u56e3\u3068\u3001\u300c\u30a2\u30dd\u30a2\u30dd\uff08\u767e\u5408\uff09\u300d\u3068\u3044\u3046\u3082\u306e\u304c\u6df7\u5728\u3057\u3066\u3044\u307e\u3059\u3002\u30a2\u30dd\u30a2\u30dd\u306f\u30ad\u30b9\u3057\u305f\u308a\u89e6\u308a\u3063\u3053\u3059\u308b\u3060\u3051\u3001\u633f\u5165\u306f\u7d76\u5bfe\u306a\u3057\u3002<\/p>\n<p>\u3042\u3068\u3001\u3064\u3044\u3067\u306b\u300c\u8ca7\u4e73\u30a2\u30dd\u30ed\u30cb\u30aa\u304a\u59c9\u3061\u3083\u3093\u3068\u7d76\u5bfe\u306b\u624b\u3092\u51fa\u3055\u306a\u3044\u30c0\u30a4\u30e4\u7406\u6027\u306e\u30f4\u30a1\u30c3\u30ab\u30ea\u30aa\u300d\u3068\u3044\u3046\u30cd\u30bf\u3082\u3053\u3053\u306b\u2026\u2026\u3002<\/p>\n<p>\u4e0a\u304c\u6700\u65b0\u3001\u4e0b\u304c\u53e4\u3044\u30e4\u30c4\u3002<\/p>\n<ul class=\"shortcode-text default \"><li><a href=\"https:\/\/brp.pinkbox.work\/main\/works\/%e3%80%90r18%e3%80%91%e3%82%b5%e3%83%a8%e3%83%8a%e3%83%a9%e3%83%bb%e3%83%80%e3%82%a4%e3%83%a4\/\"><h4>\u3010R18\u3011\u30b5\u30e8\u30ca\u30e9\u30fb\u30c0\u30a4\u30e4 <i class=\"fas fa-lock locked-icon\"><\/i><\/h4><\/a><div><p class=\"excerpt\">K\u3055\u3093\u304a\u8a95\u751f\u65e5\u304a\u3081\u3067\u3068\u3046\u3054\u3056\u3044\u307e\u3059\uff01\uff01\uff083\u304b\u6708\u9045\u308c\uff09\u3068\u3044\u3046\u308f\u3051\u3067\u3001K\u3055\u3093\u304b\u3089\u306e\u30ea\u30af\uff08\uff1f\uff09\u3067\u300c\u5148\u5929\u6027\u5973\u4f53\u5316\u300e\u304a\u59c9\u3061\u3083\u3093\u300f\u3068\u30c0\u30a4\u30e4\u7406\u6027\u306e\u30f4\u30a1\u306e\u521d\u591c\u300d\u306e\u30f4\u30a1\u30ab\u30a2\u30dd\u3067\u3059\u3002\u7d50\u69cb\u306a\u5185\u8f2a\u30cd\u30bf\u306e\u4e00\u7a2e\u306a\u306e\u3067\u3001\u4e09\u6b21\u5275\u4f5c\u30ab\u30c6\u30b4\u30ea\u306b\u79fb\u52d5\u3057\u3088\u3046\u304b\u8ff7\u3046\u30ec\u30d9\u30eb\u3002\u305d\u3046\u8a00\u3063\u305f\u7269\u304c\u82e6\u624b\u306a\u65b9\u306f\u3054\u6ce8\u610f\u3092<\/p> <span class=\"tag\"><a href=\"https:\/\/brp.pinkbox.work\/main\/work_tag\/r18\/\" rel=\"tag\">R18<\/a> <a href=\"https:\/\/brp.pinkbox.work\/main\/work_tag\/vacap\/\" rel=\"tag\">\u30f4\u30a1\u30ab\u30a2\u30dd<\/a> <a href=\"https:\/\/brp.pinkbox.work\/main\/work_tag\/%e5%a5%b3%e4%bd%93%e5%8c%96\/\" rel=\"tag\">\u5973\u4f53\u5316<\/a><\/span><\/div><\/li><li><a href=\"https:\/\/brp.pinkbox.work\/main\/works\/%e6%ba%80%e5%96%ab%ef%bc%81%e5%8b%95%e7%89%a9%e5%9c%92%ef%bc%81\/\"><h4>\u6e80\u55ab\uff01\u52d5\u7269\u5712\uff01<\/h4><\/a><div><p class=\"excerpt\">\u3068\u3044\u3046\u308f\u3051\u3067\u3001\u3067\u304a\u3042\u307d\u304c\u52d5\u7269\u5712\u3092\u697d\u3057\u3080\u8a71\u3002\u3053\u306e\u8a71\u306e\u30c7\u30a3\u30aa\u30cb\u30bd\u30b9XII\uff08\u901a\u79f0\uff1a\u3067\u304a\uff09\u306f\u3044\u308f\u3086\u308b\u30cd\u30b0\u30ec\u30af\u30c8\u3092\u53d7\u3051\u3066\u3044\u305f\u8a2d\u5b9a\u3067\u300110\u4ee3\u5f8c\u534a\u306e\u73fe\u5728\u307e\u3067\u52d5\u7269\u5712\u306b\u884c\u3063\u305f\u3053\u3068\u304c\u306a\u3044\u3001\u3068\u3044\u3046\u80cc\u666f\u3067\u3059\u3002\u4e09\u6b21\u5275\u4f5c\u3060\u304b\u3089\u306d\u3001\u3082\u3046\u3059\u3079\u3066\u304c\u30ac\u30d0\u30ac\u30d0\u3060\u306d\u3002\u697d\u3057\u3081\u308b\u4eba\u3060\u2026<\/p> <span class=\"tag\"><a href=\"https:\/\/brp.pinkbox.work\/main\/work_tag\/%e3%81%a7%e3%81%8a%e3%81%82%e3%81%bd\/\" rel=\"tag\">\u3067\u304a\u3042\u307d<\/a><\/span><\/div><\/li><li><a href=\"https:\/\/brp.pinkbox.work\/main\/works\/%e7%94%9f%e3%81%be%e3%82%8c%e5%a4%89%e3%82%8f%e3%81%a3%e3%81%9f%e3%82%89%e6%90%be%e4%b9%b3%e3%83%9e%e3%82%b7%e3%83%b3%e3%81%ab%e3%81%aa%e3%81%a3%e3%81%a6%e3%81%84%e3%81%be%e3%81%97%e3%81%9f%ef%bd%9e\/\"><h4>\u751f\u307e\u308c\u5909\u308f\u3063\u305f\u3089\u643e\u4e73\u30de\u30b7\u30f3\u306b\u306a\u3063\u3066\u3044\u307e\u3057\u305f\uff5e\u767e\u5408\u306b\u631f\u307e\u308c\u3066\u4eca\u65e5\u3082\u5e78\u305b\u3067\u3059\uff5e<\/h4><\/a><div><p class=\"excerpt\">\u6c17\u3000\u304c\u3000\u72c2\u3000\u3063\u3000\u3066\u3000\u308b\u3000\u3002\u5922\u30aa\u30c1\u306a\u306e\u3067\u5b89\u5fc3\u3057\u3066\u304f\u3060\u3055\u3044\u3002\u300c\u81ea\u5206\u306e\u547d\u3068\u5f15\u304d\u63db\u3048\u306b\u4e16\u754c\u3092\u6551\u3063\u305f\u30f4\u30a1\u30c3\u30ab\u30ea\u30aa\u304c\u30a2\u30dd\u30a2\u30dd\u304c\u611b\u7528\u3059\u308b\u643e\u4e73\u30de\u30b7\u30f3\u306b\u8ee2\u751f\u3057\u3066\u6bce\u65e5\u4e73\u3057\u307c\u308a\u4e09\u6627\u3057\u3066\u30a6\u30cf\u30a6\u30cf\u3059\u308b\u8a71\u300d\u3067\u3059\u3002\u30d0\u30ab\u304b\uff1f\uff1f\uff1f<\/p> <span class=\"tag\"><a href=\"https:\/\/brp.pinkbox.work\/main\/work_tag\/%e3%81%82%e3%81%bd%e3%81%82%e3%81%bd\/\" rel=\"tag\">\u3042\u307d\u3042\u307d<\/a> <a href=\"https:\/\/brp.pinkbox.work\/main\/work_tag\/vacap\/\" rel=\"tag\">\u30f4\u30a1\u30ab\u30a2\u30dd<\/a> <a href=\"https:\/\/brp.pinkbox.work\/main\/work_tag\/%e3%82%ae%e3%83%a3%e3%82%b0\/\" rel=\"tag\">\u30ae\u30e3\u30b0<\/a><\/span><\/div><\/li><li><a href=\"https:\/\/brp.pinkbox.work\/main\/works\/%e3%80%90r18%e3%80%91%e3%82%a2%e3%83%9d%e3%82%a2%e3%83%9d%e3%81%8c%e6%90%be%e4%b9%b3%e3%81%99%e3%82%8b%e8%a9%b1\/\"><h4>\u3010R18\u3011\u30a2\u30dd\u30a2\u30dd\u304c\u643e\u4e73\u3059\u308b\u8a71 <i class=\"fas fa-lock locked-icon\"><\/i><\/h4><\/a><div><p class=\"excerpt\">\u6c17\u304c\u72c2\u3063\u3066\u307e\u3059\u300241\u6b73\u7537\u6027\u4e8c\u4eba\u306e\u80f8\u304b\u3089\u30df\u30eb\u30af\u304c\u51fa\u308b\u306e\u3067\u6a5f\u68b0\u3092\u4f7f\u3063\u3066\u643e\u4e73\u3059\u308b\u306e\u3067\u3059\u3002\u63cf\u5199\u306f\u96d1\u3067\u30b7\u30f3\u30d7\u30eb\u306a\u306e\u3067\u3001\u7279\u306b\u9762\u767d\u307f\u306f\u306a\u3044\u3067\u3059\u304c\u30cd\u30bf\u304c\u3042\u307e\u308a\u306b\u3082\u30a2\u30ec\u306a\u306e\u3067R18\u6271\u3044\u3068\u306a\u3063\u3066\u304a\u308a\u307e\u3059\u3002<\/p> <span class=\"tag\"><a href=\"https:\/\/brp.pinkbox.work\/main\/work_tag\/r18\/\" rel=\"tag\">R18<\/a> <a href=\"https:\/\/brp.pinkbox.work\/main\/work_tag\/%e3%81%82%e3%81%bd%e3%81%82%e3%81%bd\/\" rel=\"tag\">\u3042\u307d\u3042\u307d<\/a><\/span><\/div><\/li><li><a href=\"https:\/\/brp.pinkbox.work\/main\/works\/%e3%81%a7%e3%81%8a%e3%81%82%e3%81%bd%e3%81%ae%e4%b8%ad%e3%82%92%e5%8f%96%e3%82%8a%e6%8c%81%e3%81%a4%e3%83%b4%e3%82%a1%e3%82%ab%e3%82%a2%e3%83%9d%e5%a4%ab%e5%a9%a6%e3%81%ae%e5%b0%8f%e3%83%8d%e3%82%bf\/\"><h4>\u3067\u304a\u3042\u307d\u306e\u4ef2\u3092\u53d6\u308a\u6301\u3064\u30f4\u30a1\u30ab\u30a2\u30dd\u592b\u5a66\u306e\u5c0f\u30cd\u30bf<\/h4><\/a><div><p class=\"excerpt\">\u30fb\u3067\u304a\u3042\u307d\u306e\u30c4\u30f3\u30a2\u30dd\u306b\u6599\u7406\u306e\u30a2\u30c9\u30d0\u30a4\u30b9\u3092\u3059\u308b\u304a\u5144\u3061\u3083\u3093\r\n\u30fb\u3067\u304a\u3042\u307d\u306e\u3067\u304a\u306bAV\u3092\u8cb8\u3059\u5f1f\r\n\r\n\u306e2\u672c\u7acb\u3066\u3067\u3059\u3002\u3069\u3061\u3089\u3082\u77ed\u3044\u5c0f\u30cd\u30bf\u3002<\/p> <span class=\"tag\"><a href=\"https:\/\/brp.pinkbox.work\/main\/work_tag\/vacap\/\" rel=\"tag\">\u30f4\u30a1\u30ab\u30a2\u30dd<\/a> <a href=\"https:\/\/brp.pinkbox.work\/main\/work_tag\/%e3%81%a7%e3%81%8a%e3%81%82%e3%81%bd\/\" rel=\"tag\">\u3067\u304a\u3042\u307d<\/a> <a href=\"https:\/\/brp.pinkbox.work\/main\/work_tag\/%e4%b8%89%e6%ac%a1%e5%89%b5%e4%bd%9c\/\" rel=\"tag\">\u4e09\u6b21\u5275\u4f5c<\/a><\/span><\/div><\/li><li><a href=\"https:\/\/brp.pinkbox.work\/main\/works\/%e3%80%90r15%e3%80%91%e3%81%8a%e3%81%a4%e3%81%8b%e3%82%8c%e3%81%95%e3%81%be%ef%bc%81%e3%81%8a%e3%81%ab%e3%83%bc%e3%81%a1%e3%82%83%e3%82%93%ef%bc%81\/\"><h4>\u3010R15\u3011\u304a\u3064\u304b\u308c\u3055\u307e\uff01\u304a\u306b\u30fc\u3061\u3083\u3093\uff01 <i class=\"fas fa-lock locked-icon\"><\/i><\/h4><\/a><div><p class=\"excerpt\">\u30b7\u30e7\u30bf\u304a\u306b\u3067\u3059\u3051\u3069\u3061\u3087\u3063\u3068\u4e16\u754c\u7dda\u304c\u7279\u6b8a\u306a\u5e7b\u899a\u304c\u716e\u8a70\u307e\u3063\u305f\u4e09\u6b21\u5275\u4f5c\u65b9\u9762\u306e\u30b7\u30e7\u30bf\u304a\u306b\u3002\u3061\u306a\u307f\u306b\u3060\u3044\u305f\u3044T\u3055\u3093\u3068K\u3055\u3093\u304c\u60aa\u3044\u3002\u6027\u884c\u70ba\u306f\u306a\u3044\u3067\u3059\u3002\u3053\u3093\u306a6\u6b73\u5150\u304c\u3044\u3066\u305f\u307e\u308b\u304b\u3002\u3044\u3044\u3067\u3059\u304b\u3001\u30b7\u30e7\u30bf\u304a\u306b\u3082\u30a8\u30ed\u3082\u30d5\u30a1\u30f3\u30bf\u30b8\u30fc\u306a\u306e\u3067\u3059\u3088\u3002\u30d5\u30a1\u30f3\u30bf\u30b8\u30fc\u30ae\u30e3\u30b0\u306a\u306e\u3067\u3059\u3088\u3002<\/p> <span class=\"tag\"><a href=\"https:\/\/brp.pinkbox.work\/main\/work_tag\/r15\/\" rel=\"tag\">R15<\/a> <a href=\"https:\/\/brp.pinkbox.work\/main\/work_tag\/vacap\/\" rel=\"tag\">\u30f4\u30a1\u30ab\u30a2\u30dd<\/a> <a href=\"https:\/\/brp.pinkbox.work\/main\/work_tag\/%e3%82%b7%e3%83%a7%e3%82%bf%e3%81%8a%e3%81%ab\/\" rel=\"tag\">\u30b7\u30e7\u30bf\u304a\u306b<\/a> <a href=\"https:\/\/brp.pinkbox.work\/main\/work_tag\/%e4%b8%89%e6%ac%a1%e5%89%b5%e4%bd%9c\/\" rel=\"tag\">\u4e09\u6b21\u5275\u4f5c<\/a><\/span><\/div><\/li><li><a href=\"https:\/\/brp.pinkbox.work\/main\/works\/%e3%83%88%e3%83%aa%e3%83%83%e3%82%af%e3%82%aa%e3%82%a2%e3%83%88%e3%83%aa%e3%83%bc%e3%83%88\/\"><h4>\u30c8\u30ea\u30c3\u30af\u30aa\u30a2\u30c8\u30ea\u30fc\u30c8<\/h4><\/a><div><p class=\"excerpt\">\u30f4\u30a1\u30ab\u30a2\u30dd\u3068\u3067\u304a\u3042\u307d\u306e\u305d\u308c\u305e\u308c\u306e\u30c8\u30ea\u30c3\u30af\u30aa\u30a2\u30c8\u30ea\u30fc\u30c8\u3002\u30f4\u30a1\u30ab\u30a2\u30dd\u306f\u30b2\u30ed\u7518\u3001\u3067\u304a\u3042\u307d\u306f\u3084\u3063\u3071\u308a\u30d3\u30bf\u30fc\u306b\uff08\uff1f\uff09\u4e0b\u534a\u8eab\u3002\u307e\u3042\u305d\u3046\u3044\u3046\u3053\u3068\u3067\u3059\u3002<\/p> <span class=\"tag\"><a href=\"https:\/\/brp.pinkbox.work\/main\/work_tag\/vacap\/\" rel=\"tag\">\u30f4\u30a1\u30ab\u30a2\u30dd<\/a> <a href=\"https:\/\/brp.pinkbox.work\/main\/work_tag\/%e3%81%a7%e3%81%8a%e3%81%82%e3%81%bd\/\" rel=\"tag\">\u3067\u304a\u3042\u307d<\/a> <a href=\"https:\/\/brp.pinkbox.work\/main\/work_tag\/%e4%b8%89%e6%ac%a1%e5%89%b5%e4%bd%9c\/\" rel=\"tag\">\u4e09\u6b21\u5275\u4f5c<\/a><\/span><\/div><\/li><li><a href=\"https:\/\/brp.pinkbox.work\/main\/works\/mom\/\"><h4>Mom<\/h4><\/a><div><p class=\"excerpt\">6\u4eba\u5bb6\u65cf\uff0b2\u5339\u306e\u4e16\u754c\u30d9\u30fc\u30b9\u3067\u3001\u30b4\u30ad\u30b2\u30f3\u659c\u3081\u306a\u3067\u304a\u304c\u30d4\u30e5\u30a2\u30dd\u30de\u30de\u306b\u7518\u3084\u304b\u3055\u308c\u308b\u8a71\u3002\u3082\u306f\u3084\u30ac\u30c1\u3067\u305f\u3060\u306e\u30aa\u30ea\u30ad\u30e3\u30e9\u3002\u203b\u3067\u304a\u306b\u30cd\u30b0\u30ec\u30af\u30c8\u88ab\u5bb3\u8005\u8a2d\u5b9a\u304c\u751f\u3048\u3066\u3044\u308b\u306e\u3067\u3054\u6ce8\u610f\u3092<\/p> <span class=\"tag\"><a href=\"https:\/\/brp.pinkbox.work\/main\/work_tag\/%e4%b8%89%e6%ac%a1%e5%89%b5%e4%bd%9c\/\" rel=\"tag\">\u4e09\u6b21\u5275\u4f5c<\/a><\/span><\/div><\/li><li><a href=\"https:\/\/brp.pinkbox.work\/main\/works\/aaaa\/\"><h4>Runaway<\/h4><\/a><div><p class=\"excerpt\">\u982d\u306e\u304a\u304b\u3057\u3044\u4e00\u9023\u306eXII\u5bb6\u51fa\u30cd\u30bf\uff08\u9593\u9055\u3048\u3066\u30d4\u30e5\u30a2\u30dd\u306b\u300c\u30de\u30de\uff01\u300d\u3063\u3066\u547c\u3073\u639b\u3051\u305fXII\u3092\u30f4\u30a1\u3068\u30c4\u30f3\u30a2\u30dd\u304c\u7b11\u3044\u3059\u304e\u3066XII\u304c\u5bb6\u51fa\uff09\u306e\u8a71\u3002VI\u3068XII\u30ac\u30c1\u3081\u306e\u55a7\u5629\uff08\uff1f\uff09\u3057\u3066\u9f3b\u8840\u3068\u304b\u51fa\u3066\u308b\u3093\u3067\u6ce8\u610f\u3057\u3066\u304f\u3060\u3055\u3044\u3002R18\u306f\u5143\u6c17\u304c\u306a\u304b\u3063\u305f\u306e\u3067\u30ab\u30c3\u30c8\u3057\u307e\u3057\u305f\u3002<\/p> <span class=\"tag\"><a href=\"https:\/\/brp.pinkbox.work\/main\/work_tag\/%e3%81%a7%e3%81%8a%e3%81%82%e3%81%bd\/\" rel=\"tag\">\u3067\u304a\u3042\u307d<\/a> <a href=\"https:\/\/brp.pinkbox.work\/main\/work_tag\/%e4%b8%89%e6%ac%a1%e5%89%b5%e4%bd%9c\/\" rel=\"tag\">\u4e09\u6b21\u5275\u4f5c<\/a><\/span><\/div><\/li><li><a href=\"https:\/\/brp.pinkbox.work\/main\/works\/%e3%80%90r18%e3%80%91%e7%a7%98%e5%af%86%e3%81%ab%e3%81%97%e3%81%a8%e3%81%91%e3%82%88%e3%82%ad%e3%83%a3%e3%83%b3%e3%83%87%e3%82%a3\/\"><h4>\u3010R18\u3011\u79d8\u5bc6\u306b\u3057\u3068\u3051\u3088\u30ad\u30e3\u30f3\u30c7\u30a3 <i class=\"fas fa-lock locked-icon\"><\/i><\/h4><\/a><div><p class=\"excerpt\"><a href=\"https:\/\/brp.pinkbox.work\/main\/works\/%e3%80%90r18%e3%80%91%e7%a7%98%e5%af%86%e3%81%98%e3%82%83%e3%81%aa%e3%81%84%e3%82%ad%e3%83%a3%e3%83%b3%e3%83%87%e3%82%a3\/\">\u300c\u79d8\u5bc6\u3058\u3083\u306a\u3044\u30ad\u30e3\u30f3\u30c7\u30a3\u300d<\/a>\u306e\u5f8c\u65e5\u8ac7\u3002\u3067\u304a\u3042\u307d\u3002\u30ad\u30e3\u30f3\u30c7\u30a3\u30b7\u30ea\u30fc\u30ba\u304c\u57fa\u672cR18\u306a\u306e\u3067\u3053\u308c\u3082\u3081\u3093\u3069\u304f\u3055\u3044\u3068\u3044\u3046\u7406\u7531\u3067R18\u3067\u3059\u304c\u3001\u30a2\u30dd\u30ed\u30f3VI\u304c\u4e00\u4eba\u3067\u81f4\u3057\u3066\u308b\u3060\u3051\u306a\u306e\u3067\u306c\u308b\u3044\u3067\u3059\u3002\u672c\u756a\u306a\u3057\u3002<\/p> <span class=\"tag\"><a href=\"https:\/\/brp.pinkbox.work\/main\/work_tag\/r18\/\" rel=\"tag\">R18<\/a> <a href=\"https:\/\/brp.pinkbox.work\/main\/work_tag\/%e3%82%ad%e3%83%a3%e3%83%b3%e3%83%87%e3%82%a3%e3%82%b7%e3%83%aa%e3%83%bc%e3%82%ba\/\" rel=\"tag\">\u30ad\u30e3\u30f3\u30c7\u30a3\u30b7\u30ea\u30fc\u30ba<\/a> <a href=\"https:\/\/brp.pinkbox.work\/main\/work_tag\/%e3%81%a7%e3%81%8a%e3%81%82%e3%81%bd\/\" rel=\"tag\">\u3067\u304a\u3042\u307d<\/a><\/span><\/div><\/li><li><a href=\"https:\/\/brp.pinkbox.work\/main\/works\/%e3%80%90r18%e3%80%91%e7%a7%98%e5%af%86%e3%81%ae%e3%81%a1%e3%82%87%e3%81%a3%e3%81%a8%e3%81%a0%e3%81%91%e3%82%ad%e3%83%a3%e3%83%b3%e3%83%87%e3%82%a3\/\"><h4>\u3010R18\u3011\u79d8\u5bc6\u306e\u3061\u3087\u3063\u3068\u3060\u3051\u30ad\u30e3\u30f3\u30c7\u30a3 <i class=\"fas fa-lock locked-icon\"><\/i><\/h4><\/a><div><p class=\"excerpt\"><a href=\"https:\/\/brp.pinkbox.work\/main\/works\/%e3%80%90r18%e3%80%91%e7%a7%98%e5%af%86%e3%81%ae%e3%82%ad%e3%83%a3%e3%83%b3%e3%83%87%e3%82%a3\/\">\u300c\u79d8\u5bc6\u306e\u30ad\u30e3\u30f3\u30c7\u30a3\u300d<\/a>\u306e\u7d9a\u304d\u3067\u3059\u3002\u30f4\u30a1\u30ab\u30a2\u30dd\u3002\u3084\u3084\u3053\u3057\u3044\u3093\u3067\u3059\u3051\u3069\u3001\u30a2\u30dd\u30a2\u30dd\u5185\u306e\u30d4\u30e5\u30a2\u30dd\uff08\u30a2\u30dd\u30ed\u30cb\u30aa\uff09\u306e\u767a\u751f\u6e90\u306f\u4e00\u9031\u9593\u30b7\u30ea\u30fc\u30ba\u306a\u306e\u3067\u3053\u308c\u3082\u7591\u4f3c\u4e00\u9031\u9593\u30b7\u30ea\u30fc\u30ba\u306a\u3093\u3067\u3059\u3088\u306d\u3082\u3046\u81ea\u5206\u3067\u3082\u4f55\u8a00\u3063\u3066\u308b\u304b\u308f\u304b\u3089\u306a\u3044\u306e\u3067\u308f\u304b\u308b\u4eba\u3060\u3051\u8aad\u3093\u3067\u304f\u3060\u3055\u3044\u3002<\/p> <span class=\"tag\"><a href=\"https:\/\/brp.pinkbox.work\/main\/work_tag\/r18\/\" rel=\"tag\">R18<\/a> <a href=\"https:\/\/brp.pinkbox.work\/main\/work_tag\/vacap\/\" rel=\"tag\">\u30f4\u30a1\u30ab\u30a2\u30dd<\/a> <a href=\"https:\/\/brp.pinkbox.work\/main\/work_tag\/%e3%82%ad%e3%83%a3%e3%83%b3%e3%83%87%e3%82%a3%e3%82%b7%e3%83%aa%e3%83%bc%e3%82%ba\/\" rel=\"tag\">\u30ad\u30e3\u30f3\u30c7\u30a3\u30b7\u30ea\u30fc\u30ba<\/a> <a href=\"https:\/\/brp.pinkbox.work\/main\/work_tag\/%e4%b8%80%e9%80%b1%e9%96%93%e3%82%b7%e3%83%aa%e3%83%bc%e3%82%ba\/\" rel=\"tag\">\u4e00\u9031\u9593\u30b7\u30ea\u30fc\u30ba<\/a><\/span><\/div><\/li><li><a href=\"https:\/\/brp.pinkbox.work\/main\/works\/%e3%80%90r18%e3%80%91%e7%a7%98%e5%af%86%e3%81%98%e3%82%83%e3%81%aa%e3%81%84%e3%82%ad%e3%83%a3%e3%83%b3%e3%83%87%e3%82%a3\/\"><h4>\u3010R18\u3011\u79d8\u5bc6\u3058\u3083\u306a\u3044\u30ad\u30e3\u30f3\u30c7\u30a3 <i class=\"fas fa-lock locked-icon\"><\/i><\/h4><\/a><div><p class=\"excerpt\"><a href=\"https:\/\/brp.pinkbox.work\/main\/works\/%e3%80%90r18%e3%80%91%e7%a7%98%e5%af%86%e3%81%ae%e3%82%ad%e3%83%a3%e3%83%b3%e3%83%87%e3%82%a3\/\">\u300c\u79d8\u5bc6\u306e\u30ad\u30e3\u30f3\u30c7\u30a3\u300d<\/a>\u306e\u7d9a\u304d\u3067\u3059\u3002\u3067\u304a\u3042\u307d\u3002<\/p> <span class=\"tag\"><a href=\"https:\/\/brp.pinkbox.work\/main\/work_tag\/r18\/\" rel=\"tag\">R18<\/a> <a href=\"https:\/\/brp.pinkbox.work\/main\/work_tag\/%e3%82%ad%e3%83%a3%e3%83%b3%e3%83%87%e3%82%a3%e3%82%b7%e3%83%aa%e3%83%bc%e3%82%ba\/\" rel=\"tag\">\u30ad\u30e3\u30f3\u30c7\u30a3\u30b7\u30ea\u30fc\u30ba<\/a> <a href=\"https:\/\/brp.pinkbox.work\/main\/work_tag\/%e3%81%a7%e3%81%8a%e3%81%82%e3%81%bd\/\" rel=\"tag\">\u3067\u304a\u3042\u307d<\/a><\/span><\/div><\/li><li><a href=\"https:\/\/brp.pinkbox.work\/main\/works\/%e3%80%90r18%e3%80%91%e7%a7%98%e5%af%86%e3%81%ae%e3%82%ad%e3%83%a3%e3%83%b3%e3%83%87%e3%82%a3\/\"><h4>\u3010R18\u3011\u79d8\u5bc6\u306e\u30ad\u30e3\u30f3\u30c7\u30a3 <i class=\"fas fa-lock locked-icon\"><\/i><\/h4><\/a><div><p class=\"excerpt\">\u30a2\u30dd\u30a2\u30dd\u304c\u767e\u5408\u767e\u5408\u3057\u306a\u304c\u3089\u5909\u614b\u30ad\u30e3\u30f3\u30c7\u30a3\u3092\u8210\u3081\u308b\u8a71\u3067\u3059\u3002\u633f\u5165\u306f\u3042\u308a\u307e\u305b\u3093\u3002\u4e8c\u4eba\u3067\u30a2\u30f3\u30a2\u30f3\u3057\u3066\u308b\u3060\u3051\u306a\u306e\u3067\u3001R18\u306b\u3059\u308b\u5fc5\u8981\u306f\u306a\u3044\u304b\u3082\u3057\u308c\u307e\u305b\u3093\u304c\u3001\u5ff5\u306e\u305f\u3081\u30ec\u30fc\u30c6\u30a3\u30f3\u30b0\u3068\u306a\u308a\u307e\u3059\u3002\r\n\u203b\u5909\u614b\u30ad\u30e3\u30f3\u30c7\u30a3\u306e\u8a2d\u5b9a\u304c\u982d\u304a\u304b\u3057\u3044\u306e\u3067\u3001\u305d\u3046\u3044\u3046\u4e00\u6b69\u9593\u9055\u3063\u305f\u3089\u30ae\u30e3\u30b0\u306b\u306a\u308a\u304b\u306d\u306a\u3044\u8a2d\u5b9a\u304c\u82e6\u624b\u306a\u65b9\u306f\u3054\u6ce8\u610f\u3092\u3002<\/p> <span class=\"tag\"><a href=\"https:\/\/brp.pinkbox.work\/main\/work_tag\/r18\/\" rel=\"tag\">R18<\/a> <a href=\"https:\/\/brp.pinkbox.work\/main\/work_tag\/%e3%81%82%e3%81%bd%e3%81%82%e3%81%bd\/\" rel=\"tag\">\u3042\u307d\u3042\u307d<\/a> <a href=\"https:\/\/brp.pinkbox.work\/main\/work_tag\/%e3%82%ad%e3%83%a3%e3%83%b3%e3%83%87%e3%82%a3%e3%82%b7%e3%83%aa%e3%83%bc%e3%82%ba\/\" rel=\"tag\">\u30ad\u30e3\u30f3\u30c7\u30a3\u30b7\u30ea\u30fc\u30ba<\/a><\/span><\/div><\/li><li><a href=\"https:\/\/brp.pinkbox.work\/main\/works\/%e3%80%90r18%e3%80%91pamperxpurexpredatorxpretty\/\"><h4>\u3010R18\u3011Pamper\u00d7Pure\u00d7Predator\u00d7Pretty <i class=\"fas fa-lock locked-icon\"><\/i><\/h4><\/a><div><p class=\"excerpt\">\u30ea\u30af\u3067\u9802\u3044\u305f\u300c\u8033\u8cac\u3081\u3001\u8a00\u8449\u8cac\u3081\u3001\u5c04\u7cbe\u5236\u9650\u306e\u3069\u308c\u304b\u300d\u3067\u3059\u3002R18\u3002\u3069\u308c\u304b\u3068\u8a00\u308f\u305a\u5168\u90e8\u76db\u308a\u306b\u3057\u307e\u3057\u305f\u7b11\u3000\u3042\u3068\u3001\u30ea\u30af\u3057\u3066\u304f\u308c\u305f\u65b9\u306bCP\u4f55\u304c\u3044\u3044\u3067\u3059\u304b\u3063\u3066\u805e\u3044\u305f\u3089\u30b7\u30a7\u30d5\u306e\u304a\u4efb\u305b\u3067\u3001\u3068\u8a00\u308f\u308c\u305f\u306e\u3067\u3001\u3068\u308a\u3042\u3048\u305a\u30a2\u30dd\u30a2\u30dd\uff08\u30ea\u30ea\u30fc\u30fb\u30a4\u30f3\u30fb\u30e9\u30d6\uff09\u3001\u672c\u4f5c\u306e\u30f4\u30a1\u30ab\u30a2\u30dd\u30fb\u30c7\u30a3\u30aa\u30a2\u30dd\u3068\u30d5\u30eb\u30b3\u30fc\u30b9\u306b\u3057\u3066\u304a\u304d\u307e\u3057\u305f\u3002<\/p> <span class=\"tag\"><a href=\"https:\/\/brp.pinkbox.work\/main\/work_tag\/r18\/\" rel=\"tag\">R18<\/a> <a href=\"https:\/\/brp.pinkbox.work\/main\/work_tag\/vacap\/\" rel=\"tag\">\u30f4\u30a1\u30ab\u30a2\u30dd<\/a> <a href=\"https:\/\/brp.pinkbox.work\/main\/work_tag\/%e3%81%a7%e3%81%8a%e3%81%82%e3%81%bd\/\" rel=\"tag\">\u3067\u304a\u3042\u307d<\/a><\/span><\/div><\/li><li><a href=\"https:\/\/brp.pinkbox.work\/main\/works\/%e3%80%90r18%e3%80%91%e3%83%aa%e3%83%aa%e3%83%bc%e3%83%bb%e3%82%a4%e3%83%b3%e3%83%bb%e3%83%a9%e3%83%96\/\"><h4>\u3010R18\u3011\u30ea\u30ea\u30fc\u30fb\u30a4\u30f3\u30fb\u30e9\u30d6 <i class=\"fas fa-lock locked-icon\"><\/i><\/h4><\/a><div><p class=\"excerpt\">\u30ea\u30af\u3067\u9802\u3044\u305f\u300c\u30c4\u30f3\u30a2\u30dd\u3068\u30d4\u30e5\u30a2\u30dd\u306e\u30a2\u30dd\u30a2\u30dd\u767e\u5408\u300d\u3067\u3059\u3002R18\u306a\u306e\u3067\u3054\u6ce8\u610f\u3092\u3002\u305f\u3060\u3057\u3001\u633f\u5165\u306f\u3042\u308a\u307e\u305b\u3093\u3002\r\n\u30ea\u30af\u30a8\u30b9\u30c8\u3042\u308a\u304c\u3068\u3046\u3054\u3056\u3044\u307e\u3057\u305f\u3002\u4f55\u304b\u30cd\u30bf\u304c\u4ed6\u3068\u6df7\u3056\u3063\u3066\u3044\u308b\u3088\u3046\u306a\u6c17\u304c\u3059\u308b\u306e\u306f\u6c17\u306e\u305b\u3044\u3067\u3059\u3002<\/p> <span class=\"tag\"><a href=\"https:\/\/brp.pinkbox.work\/main\/work_tag\/r18\/\" rel=\"tag\">R18<\/a> <a href=\"https:\/\/brp.pinkbox.work\/main\/work_tag\/%e3%81%82%e3%81%bd%e3%81%82%e3%81%bd\/\" rel=\"tag\">\u3042\u307d\u3042\u307d<\/a> <a href=\"https:\/\/brp.pinkbox.work\/main\/work_tag\/%e3%82%ae%e3%83%a3%e3%82%b0\/\" rel=\"tag\">\u30ae\u30e3\u30b0<\/a><\/span><\/div><\/li><li><a href=\"https:\/\/brp.pinkbox.work\/main\/works\/%e3%83%aa%e3%82%af%e3%82%a8%e3%82%b9%e3%83%88%e3%81%a1%e3%82%83%e3%82%93%e3%81%bd%e3%82%93%e9%97%87%e9%8d%8b\/\"><h4>\u30ea\u30af\u30a8\u30b9\u30c8\u3061\u3083\u3093\u307d\u3093\u95c7\u934b<\/h4><\/a><div><p class=\"excerpt\">\u4e00\u9031\u9593\u30b7\u30ea\u30fc\u30ba\u304b\u3089\u4e00\u5e74\u7d4c\u904e\u5f8c\u306e\u30d4\u30e5\u30a2\u30dd\u3068\u3067\u304a\u3042\u307d\u306e\u30c4\u30f3\u30a2\u30dd\u304c\u30a8\u30ed\u304f\u306a\u3044\u30c8\u30e9\u30c3\u30d7\u30c0\u30f3\u30b8\u30e7\u30f3\u306b\u653e\u308a\u8fbc\u307e\u308c\u3066\u30a2\u30e4\u30b7\u30a43\u3064\u306e\u30d7\u30ec\u30a4\u3092\u767e\u5408\u767e\u5408\u3053\u306a\u3057\u306a\u304c\u3089\u8131\u51fa\u3059\u308b\u69d8\u5b50\u3092\u5f1f\u3068XII\u304c\u773a\u3081\u308b\u3060\u3051\u306eIQ2\u3050\u3089\u3044\u306e\u30a2\u30db\u30ae\u30e3\u30b0\u3067\u3059\u3002<\/p> <span class=\"tag\"><a href=\"https:\/\/brp.pinkbox.work\/main\/work_tag\/%e3%81%82%e3%81%bd%e3%81%82%e3%81%bd\/\" rel=\"tag\">\u3042\u307d\u3042\u307d<\/a> <a href=\"https:\/\/brp.pinkbox.work\/main\/work_tag\/vacap\/\" rel=\"tag\">\u30f4\u30a1\u30ab\u30a2\u30dd<\/a> <a href=\"https:\/\/brp.pinkbox.work\/main\/work_tag\/%e4%b8%80%e9%80%b1%e9%96%93%e3%82%b7%e3%83%aa%e3%83%bc%e3%82%ba\/\" rel=\"tag\">\u4e00\u9031\u9593\u30b7\u30ea\u30fc\u30ba<\/a> <a href=\"https:\/\/brp.pinkbox.work\/main\/work_tag\/%e4%b8%89%e6%ac%a1%e5%89%b5%e4%bd%9c\/\" rel=\"tag\">\u4e09\u6b21\u5275\u4f5c<\/a><\/span><\/div><\/li><\/ul>\n","protected":false},"excerpt":{"rendered":"\u4e09\u6b21\u5275\u4f5c\u3002\u8aac\u660e\u3059\u308b\u3068\u30aa\u30ea\u30e5\u30f3\u30dd\u30ea\u30b9\u306e\u4e2d\u306e\u8150\u5973\u5b50\u304c\u63cf\u304f\u300c\u30c7\u30a3\u30aa\u30a2\u30dd\u300d\u3068\u3044\u3046\u6982\u5ff5\u2193\u30f4\u30a1\u30ab\u30a2\u30dd\u3068\u9055\u3063\u3066\u5144\u5f1f\u3067\u3082\u306a\u304f\u3001\u6027\u683c\u3082\u30a2\u30dd\u30ed\u30f3VI\u3068\u30c7\u30a3\u30aa\u30cb\u30bd\u30b9XII\u3068\u3057\u3066\u306e\u5225\u30ad\u30e3\u30e9\u3068\u3057\u3066\u5b9a\u7740\uff08\uff1f\uff09*\u30a2\u30dd\u30ed\u30f3VI\u2192\u30c4\u30f3\u30c4\u30f3\u3057\u3066\u308b\u3002\u82f1\u96c4\u5927\u6226\u306e\u9803\u306e\u304a\u5144\u3061\u3083\u3093\u307f\u305f\u2026","protected":false},"author":1,"featured_media":0,"parent":0,"menu_order":0,"comment_status":"closed","ping_status":"closed","template":"","meta":{"footnotes":""},"class_list":["post-535","page","type-page","status-publish","hentry","wpautop"],"_links":{"self":[{"href":"https:\/\/brp.pinkbox.work\/main\/wp-json\/wp\/v2\/pages\/535","targetHints":{"allow":["GET"]}}],"collection":[{"href":"https:\/\/brp.pinkbox.work\/main\/wp-json\/wp\/v2\/pages"}],"about":[{"href":"https:\/\/brp.pinkbox.work\/main\/wp-json\/wp\/v2\/types\/page"}],"author":[{"embeddable":true,"href":"https:\/\/brp.pinkbox.work\/main\/wp-json\/wp\/v2\/users\/1"}],"replies":[{"embeddable":true,"href":"https:\/\/brp.pinkbox.work\/main\/wp-json\/wp\/v2\/comments?post=535"}],"version-history":[{"count":5,"href":"https:\/\/brp.pinkbox.work\/main\/wp-json\/wp\/v2\/pages\/535\/revisions"}],"predecessor-version":[{"id":823,"href":"https:\/\/brp.pinkbox.work\/main\/wp-json\/wp\/v2\/pages\/535\/revisions\/823"}],"wp:attachment":[{"href":"https:\/\/brp.pinkbox.work\/main\/wp-json\/wp\/v2\/media?parent=535"}],"curies":[{"name":"wp","href":"https:\/\/api.w.org\/{rel}","templated":true}]}}